{"id":3039,"date":"2023-10-09T10:04:02","date_gmt":"2023-10-09T13:04:02","guid":{"rendered":"https:\/\/roterin.com\/blog\/?page_id=3039"},"modified":"2023-10-09T10:04:02","modified_gmt":"2023-10-09T13:04:02","slug":"quem-somos","status":"publish","type":"page","link":"https:\/\/roterin.com\/blog\/quem-somos\/","title":{"rendered":"QUEM SOMOS"},"content":{"rendered":"\n<figure class=\"wp-block-gallery has-nested-images columns-default is-cropped wp-block-gallery-1 is-layout-flex wp-block-gallery-is-layout-flex\">\n<figure class=\"wp-block-image size-large\"><img fetchpriority=\"high\" decoding=\"async\" width=\"1024\" height=\"576\" data-id=\"2754\" src=\"https:\/\/roterin.com\/blog\/wp-content\/uploads\/2023\/09\/5-1-1024x576.webp\" alt=\"Logo do aplicativo Roterin com lago no fundo\" class=\"wp-image-2754\" srcset=\"https:\/\/roterin.com\/blog\/wp-content\/uploads\/2023\/09\/5-1-1024x576.webp 1024w, https:\/\/roterin.com\/blog\/wp-content\/uploads\/2023\/09\/5-1-600x338.webp 600w, https:\/\/roterin.com\/blog\/wp-content\/uploads\/2023\/09\/5-1-300x169.webp 300w, https:\/\/roterin.com\/blog\/wp-content\/uploads\/2023\/09\/5-1-768x432.webp 768w, https:\/\/roterin.com\/blog\/wp-content\/uploads\/2023\/09\/5-1-1536x864.webp 1536w, https:\/\/roterin.com\/blog\/wp-content\/uploads\/2023\/09\/5-1.webp 1920w\" sizes=\"(max-width: 1024px) 100vw, 1024px\" \/><\/figure>\n<\/figure>\n\n\n\n<p>Nossa equipe \u00e9 apaixonada pelo universo das viagens. Com uma s\u00f3lida experi\u00eancia de mais de 13 anos no mercado de turismo, nos deparamos com uma pergunta que se tornaria nossa miss\u00e3o:<\/p>\n\n\n\n<p>E se as pessoas pudessem criar itiner\u00e1rios personalizados de forma simples, personalizada e instant\u00e2nea?<\/p>\n\n\n\n<p>Essa pergunta serviu como ponto de partida para nossa jornada e tem sido a for\u00e7a motriz por tr\u00e1s de tudo o que fazemos. Desde o in\u00edcio, percebemos que havia uma necessidade latente entre os viajantes de explorar destinos de maneira \u00fanica, personalizado para suas prefer\u00eancias individuais.<\/p>\n\n\n\n<p>Com base nessa vis\u00e3o, nos dedicamos a transformar a maneira como as pessoas planejam suas viagens. Acreditamos que viajar n\u00e3o deve ser uma experi\u00eancia gen\u00e9rica e impessoal, mas sim um processo empolgante e personalizado que permite que cada indiv\u00edduo descubra o mundo de acordo com seus pr\u00f3prios desejos e interesses.<\/p>\n\n\n\n<p>Nossa equipe re\u00fane mentes criativas, especialistas em destinos e entusiastas de viagens apaixonados, todos comprometidos em tornar essa vis\u00e3o realidade. Trabalhamos incansavelmente para desenvolver uma plataforma inovadora que coloca o poder de cria\u00e7\u00e3o de itiner\u00e1rios nas m\u00e3os dos viajantes, de forma f\u00e1cil e gratuita!<\/p>\n\n\n\n<p>Com as ferramentas que oferecemos, voc\u00ea pode explorar um mundo de possibilidades, montando seu pr\u00f3prio roteiro para mais de 150 destinos no mundo. Quer esteja planejando uma escapada rom\u00e2ntica, uma aventura em fam\u00edlia, uma jornada solo de descobertas ou qualquer outra experi\u00eancia que sonhe, estamos aqui para tornar sua viagem uma jornada \u00fanica e memor\u00e1vel.<\/p>\n\n\n\n<p>Acreditamos que cada viagem \u00e9 uma hist\u00f3ria para ser contada e lembrada. Ent\u00e3o, junte-se a n\u00f3s nessa emocionante jornada para transformar suas viagens em experi\u00eancias verdadeiramente personalizadas e significativas. Deixe-nos ajud\u00e1-lo a criar mem\u00f3rias inesquec\u00edveis em cada destino que voc\u00ea escolher explorar.<\/p>\n","protected":false},"excerpt":{"rendered":"<p>Nossa equipe \u00e9 apaixonada pelo universo das viagens. Com uma s\u00f3lida experi\u00eancia de mais de 13 anos no mercado de turismo, nos deparamos com uma pergunta que se tornaria nossa miss\u00e3o: E se as pessoas pudessem criar itiner\u00e1rios personalizados de forma simples, personalizada e instant\u00e2nea? Essa pergunta serviu como ponto de partida para nossa jornada [&hellip;]<\/p>\n","protected":false},"author":1,"featured_media":2947,"parent":0,"menu_order":0,"comment_status":"closed","ping_status":"closed","template":"","meta":{"footnotes":""},"class_list":["post-3039","page","type-page","status-publish","has-post-thumbnail","hentry"],"yoast_head":"<!-- This site is optimized with the Yoast SEO plugin v23.3 - https:\/\/yoast.com\/wordpress\/plugins\/seo\/ -->\n<title>QUEM SOMOS - Roterin<\/title>\n<meta name=\"robots\" content=\"index, follow, max-snippet:-1, max-image-preview:large, max-video-preview:-1\" \/>\n<link rel=\"canonical\" href=\"https:\/\/roterin.com\/blog\/quem-somos\/\" \/>\n<meta property=\"og:locale\" content=\"pt_BR\" \/>\n<meta property=\"og:type\" content=\"article\" \/>\n<meta property=\"og:title\" content=\"QUEM SOMOS - Roterin\" \/>\n<meta property=\"og:description\" content=\"Nossa equipe \u00e9 apaixonada pelo universo das viagens. Com uma s\u00f3lida experi\u00eancia de mais de 13 anos no mercado de turismo, nos deparamos com uma pergunta que se tornaria nossa miss\u00e3o: E se as pessoas pudessem criar itiner\u00e1rios personalizados de forma simples, personalizada e instant\u00e2nea? Essa pergunta serviu como ponto de partida para nossa jornada [&hellip;]\" \/>\n<meta property=\"og:url\" content=\"https:\/\/roterin.com\/blog\/quem-somos\/\" \/>\n<meta property=\"og:site_name\" content=\"Roterin\" \/>\n<meta property=\"og:image\" content=\"https:\/\/roterin.com\/blog\/wp-content\/uploads\/2023\/10\/Logo-Roterin-com-lago-ao-fundo.webp\" \/>\n\t<meta property=\"og:image:width\" content=\"1920\" \/>\n\t<meta property=\"og:image:height\" content=\"1080\" \/>\n\t<meta property=\"og:image:type\" content=\"image\/webp\" \/>\n<meta name=\"twitter:card\" content=\"summary_large_image\" \/>\n<meta name=\"twitter:label1\" content=\"Est. tempo de leitura\" \/>\n\t<meta name=\"twitter:data1\" content=\"2 minutos\" \/>\n<script type=\"application\/ld+json\" class=\"yoast-schema-graph\">{\"@context\":\"https:\/\/schema.org\",\"@graph\":[{\"@type\":\"WebPage\",\"@id\":\"https:\/\/roterin.com\/blog\/quem-somos\/\",\"url\":\"https:\/\/roterin.com\/blog\/quem-somos\/\",\"name\":\"QUEM SOMOS - Roterin\",\"isPartOf\":{\"@id\":\"https:\/\/roterin.com\/blog\/#website\"},\"primaryImageOfPage\":{\"@id\":\"https:\/\/roterin.com\/blog\/quem-somos\/#primaryimage\"},\"image\":{\"@id\":\"https:\/\/roterin.com\/blog\/quem-somos\/#primaryimage\"},\"thumbnailUrl\":\"https:\/\/roterin.com\/blog\/wp-content\/uploads\/2023\/10\/Logo-Roterin-com-lago-ao-fundo.webp\",\"datePublished\":\"2023-10-09T13:04:02+00:00\",\"dateModified\":\"2023-10-09T13:04:02+00:00\",\"breadcrumb\":{\"@id\":\"https:\/\/roterin.com\/blog\/quem-somos\/#breadcrumb\"},\"inLanguage\":\"pt-BR\",\"potentialAction\":[{\"@type\":\"ReadAction\",\"target\":[\"https:\/\/roterin.com\/blog\/quem-somos\/\"]}]},{\"@type\":\"ImageObject\",\"inLanguage\":\"pt-BR\",\"@id\":\"https:\/\/roterin.com\/blog\/quem-somos\/#primaryimage\",\"url\":\"https:\/\/roterin.com\/blog\/wp-content\/uploads\/2023\/10\/Logo-Roterin-com-lago-ao-fundo.webp\",\"contentUrl\":\"https:\/\/roterin.com\/blog\/wp-content\/uploads\/2023\/10\/Logo-Roterin-com-lago-ao-fundo.webp\",\"width\":1920,\"height\":1080},{\"@type\":\"BreadcrumbList\",\"@id\":\"https:\/\/roterin.com\/blog\/quem-somos\/#breadcrumb\",\"itemListElement\":[{\"@type\":\"ListItem\",\"position\":1,\"name\":\"In\u00edcio\",\"item\":\"https:\/\/roterin.com\/blog\/\"},{\"@type\":\"ListItem\",\"position\":2,\"name\":\"QUEM SOMOS\"}]},{\"@type\":\"WebSite\",\"@id\":\"https:\/\/roterin.com\/blog\/#website\",\"url\":\"https:\/\/roterin.com\/blog\/\",\"name\":\"Roterin\",\"description\":\"Blog do Aplicativo Roterin - Com dicas de Viagem\",\"publisher\":{\"@id\":\"https:\/\/roterin.com\/blog\/#organization\"},\"potentialAction\":[{\"@type\":\"SearchAction\",\"target\":{\"@type\":\"EntryPoint\",\"urlTemplate\":\"https:\/\/roterin.com\/blog\/?s={search_term_string}\"},\"query-input\":\"required name=search_term_string\"}],\"inLanguage\":\"pt-BR\"},{\"@type\":\"Organization\",\"@id\":\"https:\/\/roterin.com\/blog\/#organization\",\"name\":\"Roterin\",\"url\":\"https:\/\/roterin.com\/blog\/\",\"logo\":{\"@type\":\"ImageObject\",\"inLanguage\":\"pt-BR\",\"@id\":\"https:\/\/roterin.com\/blog\/#\/schema\/logo\/image\/\",\"url\":\"https:\/\/roterin.com\/blog\/wp-content\/uploads\/2023\/09\/cropped-roterin-logo.png\",\"contentUrl\":\"https:\/\/roterin.com\/blog\/wp-content\/uploads\/2023\/09\/cropped-roterin-logo.png\",\"width\":310,\"height\":88,\"caption\":\"Roterin \"},\"image\":{\"@id\":\"https:\/\/roterin.com\/blog\/#\/schema\/logo\/image\/\"}}]}<\/script>\n<!-- \/ Yoast SEO plugin. -->","yoast_head_json":{"title":"QUEM SOMOS - Roterin","robots":{"index":"index","follow":"follow","max-snippet":"max-snippet:-1","max-image-preview":"max-image-preview:large","max-video-preview":"max-video-preview:-1"},"canonical":"https:\/\/roterin.com\/blog\/quem-somos\/","og_locale":"pt_BR","og_type":"article","og_title":"QUEM SOMOS - Roterin","og_description":"Nossa equipe \u00e9 apaixonada pelo universo das viagens. Com uma s\u00f3lida experi\u00eancia de mais de 13 anos no mercado de turismo, nos deparamos com uma pergunta que se tornaria nossa miss\u00e3o: E se as pessoas pudessem criar itiner\u00e1rios personalizados de forma simples, personalizada e instant\u00e2nea? Essa pergunta serviu como ponto de partida para nossa jornada [&hellip;]","og_url":"https:\/\/roterin.com\/blog\/quem-somos\/","og_site_name":"Roterin","og_image":[{"width":1920,"height":1080,"url":"https:\/\/roterin.com\/blog\/wp-content\/uploads\/2023\/10\/Logo-Roterin-com-lago-ao-fundo.webp","type":"image\/webp"}],"twitter_card":"summary_large_image","twitter_misc":{"Est. tempo de leitura":"2 minutos"},"schema":{"@context":"https:\/\/schema.org","@graph":[{"@type":"WebPage","@id":"https:\/\/roterin.com\/blog\/quem-somos\/","url":"https:\/\/roterin.com\/blog\/quem-somos\/","name":"QUEM SOMOS - Roterin","isPartOf":{"@id":"https:\/\/roterin.com\/blog\/#website"},"primaryImageOfPage":{"@id":"https:\/\/roterin.com\/blog\/quem-somos\/#primaryimage"},"image":{"@id":"https:\/\/roterin.com\/blog\/quem-somos\/#primaryimage"},"thumbnailUrl":"https:\/\/roterin.com\/blog\/wp-content\/uploads\/2023\/10\/Logo-Roterin-com-lago-ao-fundo.webp","datePublished":"2023-10-09T13:04:02+00:00","dateModified":"2023-10-09T13:04:02+00:00","breadcrumb":{"@id":"https:\/\/roterin.com\/blog\/quem-somos\/#breadcrumb"},"inLanguage":"pt-BR","potentialAction":[{"@type":"ReadAction","target":["https:\/\/roterin.com\/blog\/quem-somos\/"]}]},{"@type":"ImageObject","inLanguage":"pt-BR","@id":"https:\/\/roterin.com\/blog\/quem-somos\/#primaryimage","url":"https:\/\/roterin.com\/blog\/wp-content\/uploads\/2023\/10\/Logo-Roterin-com-lago-ao-fundo.webp","contentUrl":"https:\/\/roterin.com\/blog\/wp-content\/uploads\/2023\/10\/Logo-Roterin-com-lago-ao-fundo.webp","width":1920,"height":1080},{"@type":"BreadcrumbList","@id":"https:\/\/roterin.com\/blog\/quem-somos\/#breadcrumb","itemListElement":[{"@type":"ListItem","position":1,"name":"In\u00edcio","item":"https:\/\/roterin.com\/blog\/"},{"@type":"ListItem","position":2,"name":"QUEM SOMOS"}]},{"@type":"WebSite","@id":"https:\/\/roterin.com\/blog\/#website","url":"https:\/\/roterin.com\/blog\/","name":"Roterin","description":"Blog do Aplicativo Roterin - Com dicas de Viagem","publisher":{"@id":"https:\/\/roterin.com\/blog\/#organization"},"potentialAction":[{"@type":"SearchAction","target":{"@type":"EntryPoint","urlTemplate":"https:\/\/roterin.com\/blog\/?s={search_term_string}"},"query-input":"required name=search_term_string"}],"inLanguage":"pt-BR"},{"@type":"Organization","@id":"https:\/\/roterin.com\/blog\/#organization","name":"Roterin","url":"https:\/\/roterin.com\/blog\/","logo":{"@type":"ImageObject","inLanguage":"pt-BR","@id":"https:\/\/roterin.com\/blog\/#\/schema\/logo\/image\/","url":"https:\/\/roterin.com\/blog\/wp-content\/uploads\/2023\/09\/cropped-roterin-logo.png","contentUrl":"https:\/\/roterin.com\/blog\/wp-content\/uploads\/2023\/09\/cropped-roterin-logo.png","width":310,"height":88,"caption":"Roterin "},"image":{"@id":"https:\/\/roterin.com\/blog\/#\/schema\/logo\/image\/"}}]}},"_links":{"self":[{"href":"https:\/\/roterin.com\/blog\/wp-json\/wp\/v2\/pages\/3039","targetHints":{"allow":["GET"]}}],"collection":[{"href":"https:\/\/roterin.com\/blog\/wp-json\/wp\/v2\/pages"}],"about":[{"href":"https:\/\/roterin.com\/blog\/wp-json\/wp\/v2\/types\/page"}],"author":[{"embeddable":true,"href":"https:\/\/roterin.com\/blog\/wp-json\/wp\/v2\/users\/1"}],"replies":[{"embeddable":true,"href":"https:\/\/roterin.com\/blog\/wp-json\/wp\/v2\/comments?post=3039"}],"version-history":[{"count":1,"href":"https:\/\/roterin.com\/blog\/wp-json\/wp\/v2\/pages\/3039\/revisions"}],"predecessor-version":[{"id":3040,"href":"https:\/\/roterin.com\/blog\/wp-json\/wp\/v2\/pages\/3039\/revisions\/3040"}],"wp:featuredmedia":[{"embeddable":true,"href":"https:\/\/roterin.com\/blog\/wp-json\/wp\/v2\/media\/2947"}],"wp:attachment":[{"href":"https:\/\/roterin.com\/blog\/wp-json\/wp\/v2\/media?parent=3039"}],"curies":[{"name":"wp","href":"https:\/\/api.w.org\/{rel}","templated":true}]}}