{"id":3523,"date":"2023-11-20T18:43:05","date_gmt":"2023-11-20T21:43:05","guid":{"rendered":"https:\/\/roterin.com\/blog\/finalizar-compra\/"},"modified":"2024-10-16T19:39:39","modified_gmt":"2024-10-16T22:39:39","slug":"finalizar-compra","status":"publish","type":"page","link":"https:\/\/roterin.com\/blog\/finalizar-compra\/","title":{"rendered":"Finaliza\u00e7\u00e3o de compra"},"content":{"rendered":"\t\t<div data-elementor-type=\"wp-page\" data-elementor-id=\"3523\" class=\"elementor elementor-3523\" data-elementor-post-type=\"page\">\n\t\t\t\t<div class=\"elementor-element elementor-element-2179cb4c e-flex e-con-boxed e-con e-parent\" data-id=\"2179cb4c\" data-element_type=\"container\" data-settings=\"{&quot;jet_parallax_layout_list&quot;:[]}\">\n\t\t\t\t\t<div class=\"e-con-inner\">\n\t\t\t\t<div class=\"elementor-element elementor-element-b04d428 e-checkout-layout-two-column elementor-widget elementor-widget-woocommerce-checkout-page\" data-id=\"b04d428\" data-element_type=\"widget\" data-widget_type=\"woocommerce-checkout-page.default\">\n\t\t\t\t<div class=\"elementor-widget-container\">\n\t\t\t<link rel=\"stylesheet\" href=\"https:\/\/roterin.com\/blog\/wp-content\/plugins\/elementor-pro\/assets\/css\/widget-woocommerce.min.css\"><div class=\"woocommerce\"><\/div>\t\t<\/div>\n\t\t\t\t<\/div>\n\t\t\t\t\t<\/div>\n\t\t\t\t<\/div>\n\t\t\t\t<\/div>\n\t\t","protected":false},"excerpt":{"rendered":"<p>Criando sua conta Nome&nbsp;* Pa\u00eds&nbsp;*Brasil Whatsapp&nbsp;* E-mail&nbsp;* Seu pedido Produto Subtotal Roteiro Detalhado&nbsp; &times;&nbsp;1 &#82;&#36;&nbsp;89,00 Subtotal &#82;&#36;&nbsp;89,00 Total &#82;&#36;&nbsp;89,00 Pix D\u00e9bito e cr\u00e9dito Pague com cart\u00f5es salvos Tem conta Mercado Livre? Use o mesmo e-mail e senha para pagar mais r\u00e1pido com Mercado Pago. Pagar com Mercado Pago Quais cart\u00f5es voc\u00ea pode usar? Preencha os [&hellip;]<\/p>\n","protected":false},"author":1,"featured_media":0,"parent":0,"menu_order":0,"comment_status":"closed","ping_status":"closed","template":"elementor_canvas","meta":{"footnotes":""},"class_list":["post-3523","page","type-page","status-publish","hentry"],"yoast_head":"<!-- This site is optimized with the Yoast SEO plugin v23.3 - https:\/\/yoast.com\/wordpress\/plugins\/seo\/ -->\n<title>Finaliza\u00e7\u00e3o de compra - Roterin<\/title>\n<meta name=\"robots\" content=\"index, follow, max-snippet:-1, max-image-preview:large, max-video-preview:-1\" \/>\n<link rel=\"canonical\" href=\"https:\/\/roterin.com\/blog\/finalizar-compra\/\" \/>\n<meta property=\"og:locale\" content=\"pt_BR\" \/>\n<meta property=\"og:type\" content=\"article\" \/>\n<meta property=\"og:title\" content=\"Finaliza\u00e7\u00e3o de compra - Roterin\" \/>\n<meta property=\"og:description\" content=\"Criando sua conta Nome&nbsp;* Pa\u00eds&nbsp;*Brasil Whatsapp&nbsp;* E-mail&nbsp;* Seu pedido Produto Subtotal Roteiro Detalhado&nbsp; &times;&nbsp;1 &#082;&#036;&nbsp;89,00 Subtotal &#082;&#036;&nbsp;89,00 Total &#082;&#036;&nbsp;89,00 Pix D\u00e9bito e cr\u00e9dito Pague com cart\u00f5es salvos Tem conta Mercado Livre? Use o mesmo e-mail e senha para pagar mais r\u00e1pido com Mercado Pago. Pagar com Mercado Pago Quais cart\u00f5es voc\u00ea pode usar? Preencha os [&hellip;]\" \/>\n<meta property=\"og:url\" content=\"https:\/\/roterin.com\/blog\/finalizar-compra\/\" \/>\n<meta property=\"og:site_name\" content=\"Roterin\" \/>\n<meta property=\"article:modified_time\" content=\"2024-10-16T22:39:39+00:00\" \/>\n<meta property=\"og:image\" content=\"https:\/\/roterin.com\/blog\/wp-content\/plugins\/woocommerce-mercadopago\/assets\/images\/icons\/icon-pix-blue.png\" \/>\n<meta name=\"twitter:card\" content=\"summary_large_image\" \/>\n<meta name=\"twitter:label1\" content=\"Est. tempo de leitura\" \/>\n\t<meta name=\"twitter:data1\" content=\"2 minutos\" \/>\n<script type=\"application\/ld+json\" class=\"yoast-schema-graph\">{\"@context\":\"https:\/\/schema.org\",\"@graph\":[{\"@type\":\"WebPage\",\"@id\":\"https:\/\/roterin.com\/blog\/finalizar-compra\/\",\"url\":\"https:\/\/roterin.com\/blog\/finalizar-compra\/\",\"name\":\"Finaliza\u00e7\u00e3o de compra - Roterin\",\"isPartOf\":{\"@id\":\"https:\/\/roterin.com\/blog\/#website\"},\"primaryImageOfPage\":{\"@id\":\"https:\/\/roterin.com\/blog\/finalizar-compra\/#primaryimage\"},\"image\":{\"@id\":\"https:\/\/roterin.com\/blog\/finalizar-compra\/#primaryimage\"},\"thumbnailUrl\":\"https:\/\/roterin.com\/blog\/wp-content\/plugins\/woocommerce-mercadopago\/assets\/images\/icons\/icon-pix-blue.png\",\"datePublished\":\"2023-11-20T21:43:05+00:00\",\"dateModified\":\"2024-10-16T22:39:39+00:00\",\"breadcrumb\":{\"@id\":\"https:\/\/roterin.com\/blog\/finalizar-compra\/#breadcrumb\"},\"inLanguage\":\"pt-BR\",\"potentialAction\":[{\"@type\":\"ReadAction\",\"target\":[\"https:\/\/roterin.com\/blog\/finalizar-compra\/\"]}]},{\"@type\":\"ImageObject\",\"inLanguage\":\"pt-BR\",\"@id\":\"https:\/\/roterin.com\/blog\/finalizar-compra\/#primaryimage\",\"url\":\"https:\/\/roterin.com\/blog\/wp-content\/plugins\/woocommerce-mercadopago\/assets\/images\/icons\/icon-pix-blue.png\",\"contentUrl\":\"https:\/\/roterin.com\/blog\/wp-content\/plugins\/woocommerce-mercadopago\/assets\/images\/icons\/icon-pix-blue.png\"},{\"@type\":\"BreadcrumbList\",\"@id\":\"https:\/\/roterin.com\/blog\/finalizar-compra\/#breadcrumb\",\"itemListElement\":[{\"@type\":\"ListItem\",\"position\":1,\"name\":\"In\u00edcio\",\"item\":\"https:\/\/roterin.com\/blog\/\"},{\"@type\":\"ListItem\",\"position\":2,\"name\":\"Finaliza\u00e7\u00e3o de compra\"}]},{\"@type\":\"WebSite\",\"@id\":\"https:\/\/roterin.com\/blog\/#website\",\"url\":\"https:\/\/roterin.com\/blog\/\",\"name\":\"Roterin\",\"description\":\"Blog do Aplicativo Roterin - Com dicas de Viagem\",\"publisher\":{\"@id\":\"https:\/\/roterin.com\/blog\/#organization\"},\"potentialAction\":[{\"@type\":\"SearchAction\",\"target\":{\"@type\":\"EntryPoint\",\"urlTemplate\":\"https:\/\/roterin.com\/blog\/?s={search_term_string}\"},\"query-input\":\"required name=search_term_string\"}],\"inLanguage\":\"pt-BR\"},{\"@type\":\"Organization\",\"@id\":\"https:\/\/roterin.com\/blog\/#organization\",\"name\":\"Roterin\",\"url\":\"https:\/\/roterin.com\/blog\/\",\"logo\":{\"@type\":\"ImageObject\",\"inLanguage\":\"pt-BR\",\"@id\":\"https:\/\/roterin.com\/blog\/#\/schema\/logo\/image\/\",\"url\":\"https:\/\/roterin.com\/blog\/wp-content\/uploads\/2023\/09\/cropped-roterin-logo.png\",\"contentUrl\":\"https:\/\/roterin.com\/blog\/wp-content\/uploads\/2023\/09\/cropped-roterin-logo.png\",\"width\":310,\"height\":88,\"caption\":\"Roterin \"},\"image\":{\"@id\":\"https:\/\/roterin.com\/blog\/#\/schema\/logo\/image\/\"}}]}<\/script>\n<!-- \/ Yoast SEO plugin. -->","yoast_head_json":{"title":"Finaliza\u00e7\u00e3o de compra - Roterin","robots":{"index":"index","follow":"follow","max-snippet":"max-snippet:-1","max-image-preview":"max-image-preview:large","max-video-preview":"max-video-preview:-1"},"canonical":"https:\/\/roterin.com\/blog\/finalizar-compra\/","og_locale":"pt_BR","og_type":"article","og_title":"Finaliza\u00e7\u00e3o de compra - Roterin","og_description":"Criando sua conta Nome&nbsp;* Pa\u00eds&nbsp;*Brasil Whatsapp&nbsp;* E-mail&nbsp;* Seu pedido Produto Subtotal Roteiro Detalhado&nbsp; &times;&nbsp;1 &#82;&#36;&nbsp;89,00 Subtotal &#82;&#36;&nbsp;89,00 Total &#82;&#36;&nbsp;89,00 Pix D\u00e9bito e cr\u00e9dito Pague com cart\u00f5es salvos Tem conta Mercado Livre? Use o mesmo e-mail e senha para pagar mais r\u00e1pido com Mercado Pago. Pagar com Mercado Pago Quais cart\u00f5es voc\u00ea pode usar? Preencha os [&hellip;]","og_url":"https:\/\/roterin.com\/blog\/finalizar-compra\/","og_site_name":"Roterin","article_modified_time":"2024-10-16T22:39:39+00:00","og_image":[{"url":"https:\/\/roterin.com\/blog\/wp-content\/plugins\/woocommerce-mercadopago\/assets\/images\/icons\/icon-pix-blue.png"}],"twitter_card":"summary_large_image","twitter_misc":{"Est. tempo de leitura":"2 minutos"},"schema":{"@context":"https:\/\/schema.org","@graph":[{"@type":"WebPage","@id":"https:\/\/roterin.com\/blog\/finalizar-compra\/","url":"https:\/\/roterin.com\/blog\/finalizar-compra\/","name":"Finaliza\u00e7\u00e3o de compra - Roterin","isPartOf":{"@id":"https:\/\/roterin.com\/blog\/#website"},"primaryImageOfPage":{"@id":"https:\/\/roterin.com\/blog\/finalizar-compra\/#primaryimage"},"image":{"@id":"https:\/\/roterin.com\/blog\/finalizar-compra\/#primaryimage"},"thumbnailUrl":"https:\/\/roterin.com\/blog\/wp-content\/plugins\/woocommerce-mercadopago\/assets\/images\/icons\/icon-pix-blue.png","datePublished":"2023-11-20T21:43:05+00:00","dateModified":"2024-10-16T22:39:39+00:00","breadcrumb":{"@id":"https:\/\/roterin.com\/blog\/finalizar-compra\/#breadcrumb"},"inLanguage":"pt-BR","potentialAction":[{"@type":"ReadAction","target":["https:\/\/roterin.com\/blog\/finalizar-compra\/"]}]},{"@type":"ImageObject","inLanguage":"pt-BR","@id":"https:\/\/roterin.com\/blog\/finalizar-compra\/#primaryimage","url":"https:\/\/roterin.com\/blog\/wp-content\/plugins\/woocommerce-mercadopago\/assets\/images\/icons\/icon-pix-blue.png","contentUrl":"https:\/\/roterin.com\/blog\/wp-content\/plugins\/woocommerce-mercadopago\/assets\/images\/icons\/icon-pix-blue.png"},{"@type":"BreadcrumbList","@id":"https:\/\/roterin.com\/blog\/finalizar-compra\/#breadcrumb","itemListElement":[{"@type":"ListItem","position":1,"name":"In\u00edcio","item":"https:\/\/roterin.com\/blog\/"},{"@type":"ListItem","position":2,"name":"Finaliza\u00e7\u00e3o de compra"}]},{"@type":"WebSite","@id":"https:\/\/roterin.com\/blog\/#website","url":"https:\/\/roterin.com\/blog\/","name":"Roterin","description":"Blog do Aplicativo Roterin - Com dicas de Viagem","publisher":{"@id":"https:\/\/roterin.com\/blog\/#organization"},"potentialAction":[{"@type":"SearchAction","target":{"@type":"EntryPoint","urlTemplate":"https:\/\/roterin.com\/blog\/?s={search_term_string}"},"query-input":"required name=search_term_string"}],"inLanguage":"pt-BR"},{"@type":"Organization","@id":"https:\/\/roterin.com\/blog\/#organization","name":"Roterin","url":"https:\/\/roterin.com\/blog\/","logo":{"@type":"ImageObject","inLanguage":"pt-BR","@id":"https:\/\/roterin.com\/blog\/#\/schema\/logo\/image\/","url":"https:\/\/roterin.com\/blog\/wp-content\/uploads\/2023\/09\/cropped-roterin-logo.png","contentUrl":"https:\/\/roterin.com\/blog\/wp-content\/uploads\/2023\/09\/cropped-roterin-logo.png","width":310,"height":88,"caption":"Roterin "},"image":{"@id":"https:\/\/roterin.com\/blog\/#\/schema\/logo\/image\/"}}]}},"_links":{"self":[{"href":"https:\/\/roterin.com\/blog\/wp-json\/wp\/v2\/pages\/3523","targetHints":{"allow":["GET"]}}],"collection":[{"href":"https:\/\/roterin.com\/blog\/wp-json\/wp\/v2\/pages"}],"about":[{"href":"https:\/\/roterin.com\/blog\/wp-json\/wp\/v2\/types\/page"}],"author":[{"embeddable":true,"href":"https:\/\/roterin.com\/blog\/wp-json\/wp\/v2\/users\/1"}],"replies":[{"embeddable":true,"href":"https:\/\/roterin.com\/blog\/wp-json\/wp\/v2\/comments?post=3523"}],"version-history":[{"count":14,"href":"https:\/\/roterin.com\/blog\/wp-json\/wp\/v2\/pages\/3523\/revisions"}],"predecessor-version":[{"id":7657,"href":"https:\/\/roterin.com\/blog\/wp-json\/wp\/v2\/pages\/3523\/revisions\/7657"}],"wp:attachment":[{"href":"https:\/\/roterin.com\/blog\/wp-json\/wp\/v2\/media?parent=3523"}],"curies":[{"name":"wp","href":"https:\/\/api.w.org\/{rel}","templated":true}]}}